{"id":2941,"date":"2024-03-26T13:03:11","date_gmt":"2024-03-26T10:03:11","guid":{"rendered":"https:\/\/memursenavantaj.com.tr\/?page_id=2941"},"modified":"2024-03-26T13:04:57","modified_gmt":"2024-03-26T10:04:57","slug":"parola-sifirla","status":"publish","type":"page","link":"https:\/\/memursenavantaj.com.tr\/?page_id=2941","title":{"rendered":"Parola S\u0131f\u0131rlama"},"content":{"rendered":"\n<div class=\"um um-password um-um_password_id\">\n\t<div class=\"um-form\">\n\t\t<form method=\"post\" action=\"\">\n\t\t\t\n\t\t\t\t<input type=\"hidden\" name=\"_um_password_reset\" id=\"_um_password_reset\" value=\"1\" \/>\n\n\t\t\t\t\t\t\t\t\t<div class=\"um-field um-field-block um-field-type_block\">\n\t\t\t\t\t\t<div class=\"um-field-block\">\n\t\t\t\t\t\t\t<div style=\"text-align:center;\">\n\t\t\t\t\t\t\t\t\u015eifrenizi s\u0131f\u0131rlamak i\u00e7in l\u00fctfen a\u015fa\u011f\u0131ya e-posta adresinizi veya kullan\u0131c\u0131 ad\u0131n\u0131z\u0131 girin.\t\t\t\t\t\t\t<\/div>\n\t\t\t\t\t\t<\/div>\n\t\t\t\t\t<\/div>\n\t\t\t\t<div  id=\"um_field_0_username_b\" class=\"um-field um-field-text  um-field-username_b um-field-text um-field-type_text\" data-key=\"username_b\"><div class=\"um-field-area\"><input  autocomplete=\"off\" class=\"um-form-field valid \" type=\"text\" name=\"username_b\" id=\"username_b\" value=\"\" placeholder=\"Kullan\u0131c\u0131 ad\u0131n\u0131z\u0131 veya e-postan\u0131z\u0131 girin\" data-validate=\"\" data-key=\"username_b\"  aria-invalid=\"false\" \/>\n\n\t\t\t\t\t\t<\/div><\/div>\n\t\t\t\t<div class=\"um-col-alt um-col-alt-b\">\n\n\t\t\t\t\t<div class=\"um-center\">\n\t\t\t\t\t\t<input type=\"submit\" value=\"Parolam\u0131 s\u0131f\u0131rla\" class=\"um-button\" id=\"um-submit-btn\" \/>\n\t\t\t\t\t<\/div>\n\n\t\t\t\t\t<div class=\"um-clear\"><\/div>\n\n\t\t\t\t<\/div>\n\n\t\t\t\t\t\t<input type=\"hidden\" name=\"form_id\" id=\"form_id_um_password_id\" value=\"um_password_id\" \/>\n\t\n\t<p class=\"um_request_name\">\n\t\t<label for=\"um_request_um_password_id\">Only fill in if you are not human<\/label>\n\t\t<input type=\"hidden\" name=\"um_request\" id=\"um_request_um_password_id\" class=\"input\" value=\"\" size=\"25\" autocomplete=\"off\" \/>\n\t<\/p>\n\n\t\t\t<\/form>\n\t<\/div>\n<\/div>\n<style>\n\t\t\t.um-um_password_id.um {\n\t\t\tmax-width: 450px;\n\t\t}\n\t\t<\/style>\n\n","protected":false},"excerpt":{"rendered":"","protected":false},"author":1,"featured_media":0,"parent":0,"menu_order":0,"comment_status":"closed","ping_status":"closed","template":"","meta":{"footnotes":""},"class_list":["post-2941","page","type-page","status-publish","hentry"],"_links":{"self":[{"href":"https:\/\/memursenavantaj.com.tr\/index.php?rest_route=\/wp\/v2\/pages\/2941","targetHints":{"allow":["GET"]}}],"collection":[{"href":"https:\/\/memursenavantaj.com.tr\/index.php?rest_route=\/wp\/v2\/pages"}],"about":[{"href":"https:\/\/memursenavantaj.com.tr\/index.php?rest_route=\/wp\/v2\/types\/page"}],"author":[{"embeddable":true,"href":"https:\/\/memursenavantaj.com.tr\/index.php?rest_route=\/wp\/v2\/users\/1"}],"replies":[{"embeddable":true,"href":"https:\/\/memursenavantaj.com.tr\/index.php?rest_route=%2Fwp%2Fv2%2Fcomments&post=2941"}],"version-history":[{"count":1,"href":"https:\/\/memursenavantaj.com.tr\/index.php?rest_route=\/wp\/v2\/pages\/2941\/revisions"}],"predecessor-version":[{"id":2942,"href":"https:\/\/memursenavantaj.com.tr\/index.php?rest_route=\/wp\/v2\/pages\/2941\/revisions\/2942"}],"wp:attachment":[{"href":"https:\/\/memursenavantaj.com.tr\/index.php?rest_route=%2Fwp%2Fv2%2Fmedia&parent=2941"}],"curies":[{"name":"wp","href":"https:\/\/api.w.org\/{rel}","templated":true}]}}